{"id":2383,"date":"2017-02-16T22:55:27","date_gmt":"2017-02-16T20:55:27","guid":{"rendered":"http:\/\/botanologio.com\/?page_id=2383\/"},"modified":"2025-01-16T15:08:51","modified_gmt":"2025-01-16T13:08:51","slug":"hierbas","status":"publish","type":"page","link":"https:\/\/botanologio.com\/es\/","title":{"rendered":"Hierbas"},"content":{"rendered":"<ul>\n<li>\n<p>        <img decoding=\"async\" src=\"\/wp-content\/uploads\/2019\/04\/banner-2n.jpg\" alt=\"hierbas\"><\/p>\n<h3>Los secretos de las hierbas<\/h3>\n<\/li>\n<li>\n<p>        <img decoding=\"async\" src=\"\/wp-content\/uploads\/2016\/08\/votana-banner-3.jpg\" alt=\"Hierbas griegas\"><\/p>\n<h3>Cosmeticos naturales con hierbas<\/h3>\n<\/li>\n<li>\n<p>        <img decoding=\"async\" src=\"\/wp-content\/uploads\/2016\/09\/botanologio-banner-3.jpg\" alt=\"hierbas curativas\"><\/p>\n<h3>Propiedades curativas de las hierbas<\/h3>\n<\/li>\n<li>\n<p>        <img decoding=\"async\" src=\"\/wp-content\/uploads\/2016\/09\/botanologio-banner-4.jpg\" alt=\"hierbas\"><\/p>\n<h3>Recogida y valor nutritivo de las hierbas<\/h3>\n<\/li>\n<\/ul>\n<h3>Botanologio<\/h3>\n<h1>Hierbas<\/h1>\n<div>\n<p>Hierbas y Especias, en Botanologio explorar\u00e1 todas las propiedades terap\u00e9uticas y cosm\u00e9ticas que las hierbas y especias de todo el mundo poseen, sus usos y sus aplicaciones en tratamientos alternativos!<\/p>\n<\/div>\n<div>\n<\/div>\n<ul>\n<li>\n<p>        <img decoding=\"async\" src=\"\/wp-content\/uploads\/2016\/09\/vasilikos-votana.jpg\" alt=\"hierbas medicinales\"><\/p>\n<h3>Hojas de albahaca<\/h3>\n<\/li>\n<li>\n<p>        <img decoding=\"async\" src=\"\/wp-content\/uploads\/2016\/09\/axladia-votana.jpg\" alt=\"hierbas\"><\/p>\n<h3>Flores de pera<\/h3>\n<\/li>\n<li>\n<p>        <img decoding=\"async\" src=\"\/wp-content\/uploads\/2016\/09\/galiki-levanta-votana.jpg\" alt=\"hierbas curativas\"><\/p>\n<h3>Lavanda francesa<\/h3>\n<\/li>\n<li>\n<p>        <img decoding=\"async\" src=\"\/wp-content\/uploads\/2016\/09\/fraoula-votana.jpg\" alt=\"hierbas\"><\/p>\n<h3>Flores de fresa<\/h3>\n<\/li>\n<li>\n<p>        <img decoding=\"async\" src=\"\/wp-content\/uploads\/2016\/09\/roka-votana.jpg\" alt=\"Hierbas griegas\"><\/p>\n<h3>Flores de roca<\/h3>\n<\/li>\n<li>\n<p>        <img decoding=\"async\" src=\"\/wp-content\/uploads\/2016\/09\/moloxa-botana.jpg\" alt=\"hierbas\"><\/p>\n<h3>Flores de molocha<\/h3>\n<\/li>\n<\/ul>\n<p><!--more--><br \/>\n<!-- {\"name\":\"home el\",\"type\":\"layout\",\"children\":[{\"name\":\"Hero\",\"type\":\"section\",\"props\":{\"animation\":\"fade\",\"image_position\":\"center-center\",\"padding\":\"none\",\"style\":\"default\",\"title_breakpoint\":\"xl\",\"title_position\":\"top-left\",\"title_rotation\":\"left\",\"vertical_align\":\"\",\"width\":\"\"},\"children\":[{\"type\":\"row\",\"children\":[{\"type\":\"column\",\"props\":{\"image_position\":\"center-center\",\"position_sticky_breakpoint\":\"m\",\"width_medium\":\"1-1\"},\"children\":[{\"type\":\"slideshow\",\"props\":{\"image_width\":\"1920\",\"link_style\":\"default\",\"link_text\":\"Read more\",\"margin\":\"default\",\"meta_align\":\"below-title\",\"meta_element\":\"div\",\"meta_style\":\"text-meta\",\"nav\":\"thumbnav\",\"nav_align\":\"center\",\"nav_breakpoint\":\"m\",\"nav_position\":\"bottom-center\",\"nav_position_margin\":\"medium\",\"overlay_animation\":\"parallax\",\"overlay_container\":\"large\",\"overlay_parallax_x\":\"600,0,-600\",\"overlay_position\":\"center-left\",\"overlay_width\":\"xlarge\",\"show_content\":true,\"show_link\":true,\"show_meta\":true,\"show_thumbnail\":true,\"show_title\":true,\"slidenav\":\"default\",\"slidenav_breakpoint\":\"\",\"slidenav_hover\":true,\"slidenav_large\":true,\"slidenav_margin\":\"medium\",\"slidenav_outside_breakpoint\":\"xl\",\"slideshow_animation\":\"pull\",\"slideshow_autoplay\":true,\"slideshow_autoplay_pause\":true,\"slideshow_height\":\"viewport\",\"slideshow_height_offset_top\":true,\"slideshow_min_height\":\"350\",\"slideshow_velocity\":0.59999999999999997779553950749686919152736663818359375,\"text_align\":\"left\",\"text_align_fallback\":\"center\",\"text_color\":\"light\",\"thumbnav_height\":\"75\",\"thumbnav_svg_color\":\"emphasis\",\"thumbnav_width\":\"100\",\"title_element\":\"h3\",\"title_style\":\"heading-large\"},\"children\":[{\"type\":\"slideshow_item\",\"props\":{\"image\":\"wp-content\\\/uploads\\\/2019\\\/04\\\/banner-2n.jpg\",\"image_alt\":\"hierbas\",\"thumbnail\":\"wp-content\\\/uploads\\\/2019\\\/04\\\/banner-2n.jpg\",\"title\":\"Los secretos de las hierbas\"}},{\"type\":\"slideshow_item\",\"props\":{\"image\":\"wp-content\\\/uploads\\\/2016\\\/08\\\/votana-banner-3.jpg\",\"image_alt\":\"Hierbas griegas\",\"thumbnail\":\"wp-content\\\/uploads\\\/2016\\\/08\\\/votana-banner-3.jpg\",\"title\":\"Cosmeticos naturales con hierbas\"}},{\"type\":\"slideshow_item\",\"props\":{\"image\":\"wp-content\\\/uploads\\\/2016\\\/09\\\/botanologio-banner-3.jpg\",\"image_alt\":\"hierbas curativas\",\"thumbnail\":\"wp-content\\\/uploads\\\/2016\\\/09\\\/botanologio-banner-3.jpg\",\"title\":\"Propiedades curativas de las hierbas\"}},{\"type\":\"slideshow_item\",\"props\":{\"image\":\"wp-content\\\/uploads\\\/2016\\\/09\\\/botanologio-banner-4.jpg\",\"image_alt\":\"hierbas\",\"thumbnail\":\"wp-content\\\/uploads\\\/2016\\\/09\\\/botanologio-banner-4.jpg\",\"title\":\"Recogida y valor nutritivo de las hierbas\"}}]}]}]}]},{\"type\":\"section\",\"props\":{\"animation\":\"slide-left\",\"animation_delay\":\"200\",\"image_position\":\"center-center\",\"style\":\"default\",\"title_breakpoint\":\"xl\",\"title_position\":\"top-left\",\"title_rotation\":\"left\",\"vertical_align\":\"\",\"width\":\"large\"},\"children\":[{\"type\":\"row\",\"props\":{\"layout\":\"1-3,2-3\"},\"children\":[{\"type\":\"column\",\"props\":{\"image_position\":\"center-center\",\"position_sticky_breakpoint\":\"m\",\"width_medium\":\"1-3\"},\"children\":[{\"type\":\"headline\",\"props\":{\"content\":\"Botanologio\",\"margin_remove_bottom\":true,\"maxwidth\":\"medium\",\"title_decoration\":\"divider\",\"title_element\":\"h3\",\"title_style\":\"h1\"}},{\"type\":\"headline\",\"props\":{\"content\":\"Hierbas\",\"margin_remove_top\":true,\"title_color\":\"muted\",\"title_element\":\"h1\",\"title_style\":\"h4\"}}]},{\"type\":\"column\",\"props\":{\"image_position\":\"center-center\",\"padding\":\"xsmall\",\"position_sticky_breakpoint\":\"m\",\"style\":\"tile-muted\",\"vertical_align\":\"middle\",\"width_medium\":\"2-3\"},\"children\":[{\"type\":\"text\",\"props\":{\"column_breakpoint\":\"m\",\"content\":\"\n\n<p>Hierbas y Especias, en Botanologio explorar\\u00e1 todas las propiedades terap\\u00e9uticas y cosm\\u00e9ticas que las hierbas y especias de todo el mundo poseen, sus usos y sus aplicaciones en tratamientos alternativos!<\\\/p>\",\"dropcap\":true,\"margin\":\"default\",\"text_align\":\"justify\"}}]}]}]},{\"type\":\"section\",\"props\":{\"animation\":\"fade\",\"animation_delay\":\"200\",\"image_position\":\"center-center\",\"style\":\"muted\",\"title_breakpoint\":\"xl\",\"title_position\":\"top-left\",\"title_rotation\":\"left\",\"vertical_align\":\"\",\"width\":\"large\"},\"children\":[{\"type\":\"row\",\"children\":[{\"type\":\"column\",\"props\":{\"image_position\":\"center-center\",\"position_sticky_breakpoint\":\"m\",\"width_medium\":\"1-1\"},\"children\":[{\"type\":\"module\",\"props\":{\"menu_image_align\":\"center\",\"menu_image_margin\":true,\"menu_style\":\"default\",\"menu_type\":\"nav\",\"type\":\"text\",\"widget\":\"text-10\"}}]}]},{\"type\":\"row\",\"props\":{\"layout\":\"2-3,1-3\"},\"children\":[{\"type\":\"column\",\"props\":{\"image_position\":\"center-center\",\"position_sticky_breakpoint\":\"m\",\"width_medium\":\"2-3\"},\"children\":[{\"type\":\"grid\",\"props\":{\"content_column_breakpoint\":\"m\",\"filter_align\":\"left\",\"filter_all\":true,\"filter_grid_breakpoint\":\"m\",\"filter_grid_width\":\"auto\",\"filter_position\":\"top\",\"filter_style\":\"tab\",\"grid_default\":\"1\",\"grid_divider\":true,\"grid_medium\":\"1\",\"icon_width\":80,\"image_align\":\"top\",\"image_grid_breakpoint\":\"m\",\"image_grid_width\":\"1-2\",\"image_link\":true,\"image_svg_color\":\"emphasis\",\"image_transition\":\"scale-up\",\"item_animation\":true,\"link_style\":\"default\",\"link_text\":\"Leer mas\",\"margin\":\"default\",\"meta_align\":\"below-title\",\"meta_element\":\"div\",\"meta_style\":\"text-meta\",\"panel_image_no_padding\":false,\"panel_link\":false,\"panel_padding\":\"small\",\"panel_style\":\"card-default\",\"parallax_easing\":\"1\",\"show_content\":true,\"show_image\":true,\"show_link\":true,\"show_meta\":true,\"show_title\":true,\"title_align\":\"top\",\"title_element\":\"h3\",\"title_grid_breakpoint\":\"m\",\"title_grid_width\":\"1-2\",\"title_hover_style\":\"reset\",\"title_link\":true},\"children\":[{\"type\":\"grid_item\",\"source\":{\"query\":{\"name\":\"posts.customPosts\",\"arguments\":{\"terms\":[2340,2338,2337,2339],\"offset\":0,\"limit\":5,\"order\":\"date\",\"order_direction\":\"DESC\"}},\"props\":{\"title\":{\"name\":\"title\",\"filters\":{\"search\":\"\"}},\"content\":{\"name\":\"excerpt\"},\"image\":{\"name\":\"featuredImage.url\",\"filters\":{\"search\":\"\"}},\"image_alt\":{\"name\":\"featuredImage.alt\",\"filters\":{\"search\":\"\"}},\"link\":{\"name\":\"link\",\"filters\":{\"search\":\"\"}},\"tags\":{\"name\":\"post_tagString\",\"filters\":{\"search\":\"\"}}}}}],\"name\":\"main blog\"}]},{\"type\":\"column\",\"props\":{\"image_position\":\"center-center\",\"position_sticky_breakpoint\":\"m\",\"width_medium\":\"1-3\"},\"children\":[{\"type\":\"module\",\"props\":{\"menu_image_align\":\"center\",\"menu_image_margin\":true,\"menu_style\":\"default\",\"menu_type\":\"nav\",\"type\":\"media_image\",\"widget\":\"media_image-2\"}},{\"type\":\"module\",\"props\":{\"list_style\":\"divider\",\"margin\":\"large\",\"menu_image_align\":\"center\",\"menu_image_margin\":true,\"menu_style\":\"default\",\"menu_type\":\"nav\",\"style\":\"card-default\",\"type\":\"recent-posts\",\"widget\":\"recent-posts-6\"}},{\"type\":\"gallery\",\"props\":{\"animation\":\"fade\",\"content_display\":\"lightbox\",\"filter_align\":\"left\",\"filter_all\":true,\"filter_grid_breakpoint\":\"m\",\"filter_grid_width\":\"auto\",\"filter_position\":\"top\",\"filter_style\":\"tab\",\"grid_column_gap\":\"small\",\"grid_default\":\"1\",\"grid_medium\":\"2\",\"grid_row_gap\":\"small\",\"item_animation\":true,\"lightbox\":true,\"link_style\":\"\",\"link_text\":\"\",\"margin\":\"default\",\"meta_align\":\"below-title\",\"meta_element\":\"div\",\"meta_style\":\"text-meta\",\"overlay_hover\":true,\"overlay_link\":true,\"overlay_mode\":\"cover\",\"overlay_position\":\"center\",\"overlay_style\":\"overlay-primary\",\"overlay_transition\":\"fade\",\"parallax_easing\":\"1\",\"show_content\":true,\"show_hover_image\":true,\"show_hover_video\":true,\"show_link\":true,\"show_meta\":true,\"show_title\":true,\"text_align\":\"center\",\"text_color\":\"light\",\"title_display\":\"lightbox\",\"title_element\":\"h3\",\"title_hover_style\":\"reset\",\"visibility\":\"m\"},\"children\":[{\"type\":\"gallery_item\",\"props\":{\"image\":\"wp-content\\\/uploads\\\/2016\\\/09\\\/vasilikos-votana.jpg\",\"image_alt\":\"hierbas medicinales\",\"title\":\"Hojas de albahaca\"}},{\"type\":\"gallery_item\",\"props\":{\"image\":\"wp-content\\\/uploads\\\/2016\\\/09\\\/axladia-votana.jpg\",\"image_alt\":\"hierbas\",\"title\":\"Flores de pera\"}},{\"type\":\"gallery_item\",\"props\":{\"image\":\"wp-content\\\/uploads\\\/2016\\\/09\\\/galiki-levanta-votana.jpg\",\"image_alt\":\"hierbas curativas\",\"title\":\"Lavanda francesa\"}},{\"type\":\"gallery_item\",\"props\":{\"image\":\"wp-content\\\/uploads\\\/2016\\\/09\\\/fraoula-votana.jpg\",\"image_alt\":\"hierbas\",\"title\":\"Flores de fresa\"}},{\"type\":\"gallery_item\",\"props\":{\"image\":\"wp-content\\\/uploads\\\/2016\\\/09\\\/roka-votana.jpg\",\"image_alt\":\"Hierbas griegas\",\"title\":\"Flores de roca\"}},{\"type\":\"gallery_item\",\"props\":{\"image\":\"wp-content\\\/uploads\\\/2016\\\/09\\\/moloxa-botana.jpg\",\"image_alt\":\"hierbas\",\"title\":\"Flores de molocha\"}}],\"name\":\"side gallery\"}]}]}]}],\"version\":\"4.4.20\"} --><\/p>\n","protected":false},"excerpt":{"rendered":"<p>Los secretos de las hierbas Cosmeticos naturales con hierbas Propiedades curativas de las hierbas Recogida y valor nutritivo de las hierbas Botanologio Hierbas Hierbas y Especias, en Botanologio explorar\u00e1 todas las propiedades terap\u00e9uticas y cosm\u00e9ticas que las hierbas y especias de todo el mundo poseen, sus usos y sus aplicaciones en tratamientos alternativos! Hojas de [&hellip;]<\/p>\n","protected":false},"author":1,"featured_media":0,"parent":0,"menu_order":0,"comment_status":"closed","ping_status":"closed","template":"","meta":{"footnotes":""},"class_list":["post-2383","page","type-page","status-publish","hentry"],"aioseo_notices":[],"_links":{"self":[{"href":"https:\/\/botanologio.com\/es\/wp-json\/wp\/v2\/pages\/2383","targetHints":{"allow":["GET"]}}],"collection":[{"href":"https:\/\/botanologio.com\/es\/wp-json\/wp\/v2\/pages"}],"about":[{"href":"https:\/\/botanologio.com\/es\/wp-json\/wp\/v2\/types\/page"}],"author":[{"embeddable":true,"href":"https:\/\/botanologio.com\/es\/wp-json\/wp\/v2\/users\/1"}],"replies":[{"embeddable":true,"href":"https:\/\/botanologio.com\/es\/wp-json\/wp\/v2\/comments?post=2383"}],"version-history":[{"count":13,"href":"https:\/\/botanologio.com\/es\/wp-json\/wp\/v2\/pages\/2383\/revisions"}],"predecessor-version":[{"id":8036,"href":"https:\/\/botanologio.com\/es\/wp-json\/wp\/v2\/pages\/2383\/revisions\/8036"}],"wp:attachment":[{"href":"https:\/\/botanologio.com\/es\/wp-json\/wp\/v2\/media?parent=2383"}],"curies":[{"name":"wp","href":"https:\/\/api.w.org\/{rel}","templated":true}]}}