{"id":2385,"date":"2017-02-16T23:01:14","date_gmt":"2017-02-16T21:01:14","guid":{"rendered":"http:\/\/botanologio.com\/?page_id=2385\/"},"modified":"2024-08-06T12:41:39","modified_gmt":"2024-08-06T09:41:39","slug":"que-encontrara-en-botanologio-com","status":"publish","type":"page","link":"https:\/\/botanologio.com\/es\/que-encontrara-en-botanologio-com\/","title":{"rendered":"Que encontrar\u00e1 en botanologio.com"},"content":{"rendered":"<h1>Que encontrar\u00e1 en botanologio.com<\/h1>\n<div>Botanologio.com es un intento de acercar la naturaleza a nosotros, revelar propiedades beneficiosas que nos puede ofrecer. Las informaciones estan recolectadas despu\u00e9s de muchos a\u00f1os de estudiar las hierbas y la naturaleza y naturalmente de experiencia personal, hay que notar, que es un blog con informaci\u00f3n \u00fatil y cruzada, pero no es un blog cient\u00edfico o de medicina.<\/div>\n<p><img decoding=\"async\" src=\"\/wp-content\/uploads\/2019\/04\/botanologio-about.jpg\" alt=\"\"><\/p>\n<div>En los art\u00edculos publicados en botanologio.com encontrar\u00e1 informaci\u00f3n \u00fatil sobre las plantas y hierbas que crecen en nuestro pa\u00eds, pero tambi\u00e9n hierbas dif\u00edcil de encontrar que fueron conocidos en el mundo occidental por sus propiedades beneficiosas en los \u00faltimos a\u00f1os. Vamos a conocer las propiedades medicinales de cada planta, las propiedades cosm\u00e9ticas de las mismas hierbas, que adoraban desde la antig\u00fcedad y, finalmente, la manera de recogida y los nutrientes de cada hierba.<\/div>\n<p><!--more--><br \/>\n<!-- {\"name\":\"vreite\",\"type\":\"layout\",\"children\":[{\"type\":\"section\",\"props\":{\"animation\":\"scale-down\",\"animation_delay\":\"200\",\"image_position\":\"center-center\",\"style\":\"default\",\"title_breakpoint\":\"xl\",\"title_position\":\"top-left\",\"title_rotation\":\"left\",\"vertical_align\":\"\",\"width\":\"large\"},\"children\":[{\"type\":\"row\",\"children\":[{\"type\":\"column\",\"props\":{\"image_position\":\"center-center\",\"position_sticky_breakpoint\":\"m\",\"width_medium\":\"1-1\"},\"children\":[{\"type\":\"headline\",\"props\":{\"content\":\"Que encontrar\\u00e1 en botanologio.com\",\"maxwidth\":\"2xlarge\",\"title_decoration\":\"divider\",\"title_element\":\"h1\"}}]}]}],\"name\":\"title\"},{\"type\":\"section\",\"props\":{\"image_position\":\"center-center\",\"style\":\"muted\",\"title_breakpoint\":\"xl\",\"title_position\":\"top-left\",\"title_rotation\":\"left\",\"vertical_align\":\"\",\"width\":\"large\"},\"children\":[{\"type\":\"row\",\"children\":[{\"type\":\"column\",\"props\":{\"image_position\":\"center-center\",\"position_sticky_breakpoint\":\"m\",\"width_medium\":\"1-1\"},\"children\":[{\"type\":\"module\",\"props\":{\"menu_image_align\":\"center\",\"menu_image_margin\":true,\"menu_style\":\"default\",\"menu_type\":\"nav\",\"type\":\"text\",\"widget\":\"text-10\"}}]}]},{\"type\":\"row\",\"props\":{\"layout\":\"2-3,1-3\"},\"children\":[{\"type\":\"column\",\"props\":{\"image_position\":\"center-center\",\"position_sticky_breakpoint\":\"m\",\"width_medium\":\"2-3\"},\"children\":[{\"type\":\"text\",\"props\":{\"column_breakpoint\":\"m\",\"content\":\"Botanologio.com es un intento de acercar la naturaleza a nosotros, revelar propiedades beneficiosas que nos puede ofrecer. Las informaciones estan recolectadas despu\\u00e9s de muchos a\\u00f1os de estudiar las hierbas y la naturaleza y naturalmente de experiencia personal, hay que notar, que es un blog con informaci\\u00f3n \\u00fatil y cruzada, pero no es un blog cient\\u00edfico o de medicina.\",\"dropcap\":false,\"margin\":\"default\",\"text_align\":\"justify\"}},{\"type\":\"image\",\"props\":{\"image\":\"wp-content\\\/uploads\\\/2019\\\/04\\\/botanologio-about.jpg\",\"image_svg_color\":\"emphasis\",\"margin\":\"default\"}},{\"type\":\"text\",\"props\":{\"column_breakpoint\":\"m\",\"content\":\"En los art\\u00edculos publicados en botanologio.com encontrar\\u00e1 informaci\\u00f3n \\u00fatil sobre las plantas y hierbas que crecen en nuestro pa\\u00eds, pero tambi\\u00e9n hierbas dif\\u00edcil de encontrar que fueron conocidos en el mundo occidental por sus propiedades beneficiosas en los \\u00faltimos a\\u00f1os. Vamos a conocer las propiedades medicinales de cada planta, las propiedades cosm\\u00e9ticas de las mismas hierbas, que adoraban desde la antig\\u00fcedad y, finalmente, la manera de recogida y los nutrientes de cada hierba.\",\"margin\":\"default\"}}]},{\"type\":\"column\",\"props\":{\"image_position\":\"center-center\",\"position_sticky_breakpoint\":\"m\",\"width_medium\":\"1-3\"},\"children\":[{\"type\":\"module\",\"props\":{\"menu_image_align\":\"center\",\"menu_image_margin\":true,\"menu_style\":\"default\",\"menu_type\":\"nav\",\"type\":\"text\",\"widget\":\"text-18\"}},{\"type\":\"module\",\"props\":{\"list_style\":\"divider\",\"margin\":\"large\",\"menu_image_align\":\"center\",\"menu_image_margin\":true,\"menu_style\":\"default\",\"menu_type\":\"nav\",\"style\":\"card-default\",\"type\":\"recent-posts\",\"widget\":\"recent-posts-6\"}}]}]}]}],\"version\":\"4.4.7\"} --><\/p>\n","protected":false},"excerpt":{"rendered":"<p>Que encontrar\u00e1 en botanologio.com Botanologio.com es un intento de acercar la naturaleza a nosotros, revelar propiedades beneficiosas que nos puede ofrecer. Las informaciones estan recolectadas despu\u00e9s de muchos a\u00f1os de estudiar las hierbas y la naturaleza y naturalmente de experiencia personal, hay que notar, que es un blog con informaci\u00f3n \u00fatil y cruzada, pero no [&hellip;]<\/p>\n","protected":false},"author":1,"featured_media":0,"parent":0,"menu_order":0,"comment_status":"closed","ping_status":"closed","template":"","meta":{"footnotes":""},"class_list":["post-2385","page","type-page","status-publish","hentry"],"aioseo_notices":[],"_links":{"self":[{"href":"https:\/\/botanologio.com\/es\/wp-json\/wp\/v2\/pages\/2385","targetHints":{"allow":["GET"]}}],"collection":[{"href":"https:\/\/botanologio.com\/es\/wp-json\/wp\/v2\/pages"}],"about":[{"href":"https:\/\/botanologio.com\/es\/wp-json\/wp\/v2\/types\/page"}],"author":[{"embeddable":true,"href":"https:\/\/botanologio.com\/es\/wp-json\/wp\/v2\/users\/1"}],"replies":[{"embeddable":true,"href":"https:\/\/botanologio.com\/es\/wp-json\/wp\/v2\/comments?post=2385"}],"version-history":[{"count":6,"href":"https:\/\/botanologio.com\/es\/wp-json\/wp\/v2\/pages\/2385\/revisions"}],"predecessor-version":[{"id":7910,"href":"https:\/\/botanologio.com\/es\/wp-json\/wp\/v2\/pages\/2385\/revisions\/7910"}],"wp:attachment":[{"href":"https:\/\/botanologio.com\/es\/wp-json\/wp\/v2\/media?parent=2385"}],"curies":[{"name":"wp","href":"https:\/\/api.w.org\/{rel}","templated":true}]}}