{"id":2447,"date":"2017-03-16T12:26:56","date_gmt":"2017-03-16T10:26:56","guid":{"rendered":"http:\/\/botanologio.com\/?page_id=2447\/"},"modified":"2024-08-06T12:39:37","modified_gmt":"2024-08-06T09:39:37","slug":"explicacion-de-terminos","status":"publish","type":"page","link":"https:\/\/botanologio.com\/es\/explicacion-de-terminos\/","title":{"rendered":"Explicaci\u00f3n de t\u00e9rminos"},"content":{"rendered":"<h1>Explicaci\u00f3n de T\u00e9rminos<\/h1>\n<div>\n<p>Aprenda mas sobre los t\u00e9rminos b\u00e1sicos relacionados con las hierbas y sus usos!<\/p>\n<\/div>\n<div>\n<p><strong>Droga<\/strong>: es la parte de la planta que puede ser recogida y drenada, para uso farmac\u00e9utico o cosm\u00e9tico. No todas las partes de una planta son beneficiosas para nuestro cuerpo. En algunas plantas, la droga es la flor con las hojas, en otras hierbas solamente las hojas. Hay muchas hierbas que la droga puede ser la ra\u00edz. Por lo tanto, es importante saber qu\u00e9 parte de una hierba podemos utilizar, y cu\u00e1ndo es el momento adecuado para recogerlo. De esta manera, es m\u00e1s f\u00e1cil tener nuestras hierbas favoritas para nosotros mismos sin\u00a0destruir la planta cortandola toda. Con la droga de cada planta podemos preparar extractos, decocciones, infusiones, cosm\u00e9ticos y personas con conocimiento, medicinas.<\/p>\n<p><strong>Tintura (extracto)<\/strong>: es la inmersi\u00f3n de la droga en una soluci\u00f3n de alcohol y agua en grados espec\u00edficos de alcohol. Se puede hacer por extracci\u00f3n caliente o fr\u00eda. El alcohol tiene la capacidad de encuadernar\u00a0las propiedades beneficiosas de las plantas que se pueden a\u00f1adir posteriormente en formulaciones cosm\u00e9ticas y farmac\u00e9uticas. La extracci\u00f3n se puede realizar tambi\u00e9n en aceite de oliva o de almendra.<\/p>\n<p><strong>Decocci\u00f3n<\/strong>: es el resultado de la ebullici\u00f3n suave de la droga, que luego se puede beber o utilizar en un ba\u00f1o caliente. La decocci\u00f3n se hace s\u00f3lo con cortezas duras, frutas y ra\u00edces de plantas con la \u00fanica excepci\u00f3n de la manzanilla.<\/p>\n<p><strong>Infusi\u00f3n<\/strong>: es el resultado de la inmersi\u00f3n del parte beneficioso de una planta\u00a0en agua caliente, para 5 minutos. Tiene los mismos usos que la decocci\u00f3n. La infusi\u00f3n se puede hacer de las\u00a0partes mas fragiles de una planta, como\u00a0las flores y las hojas, que son m\u00e1s delicadas.<\/p>\n<p><strong>Ung\u00fcento<\/strong>: es principalmente la uni\u00f3n de cera de abejas y aceite. Debido a la base aceitosa, no es f\u00e1cilmente absorbido por la piel. El prop\u00f3sito de usar un ung\u00fcento es exactamente la actividad en la superficie de la piel, como por ejemplo en quemaduras o\u00a0condiciones leves de la piel.<\/p>\n<\/div>\n<p><!--more--><br \/>\n<!-- {\"name\":\"oroi\",\"type\":\"layout\",\"children\":[{\"type\":\"section\",\"props\":{\"animation\":\"slide-left\",\"animation_delay\":\"200\",\"image_position\":\"center-center\",\"style\":\"default\",\"title_breakpoint\":\"xl\",\"title_position\":\"top-left\",\"title_rotation\":\"left\",\"vertical_align\":\"\",\"width\":\"large\"},\"children\":[{\"type\":\"row\",\"children\":[{\"type\":\"column\",\"props\":{\"image_position\":\"center-center\",\"position_sticky_breakpoint\":\"m\",\"width_medium\":\"1-1\"},\"children\":[{\"type\":\"headline\",\"props\":{\"content\":\"Explicaci\\u00f3n de T\\u00e9rminos\",\"maxwidth\":\"2xlarge\",\"title_decoration\":\"divider\",\"title_element\":\"h1\"}}]}]}],\"name\":\"title\"},{\"type\":\"section\",\"props\":{\"image_position\":\"center-center\",\"style\":\"muted\",\"title_breakpoint\":\"xl\",\"title_position\":\"top-left\",\"title_rotation\":\"left\",\"vertical_align\":\"\",\"width\":\"large\"},\"children\":[{\"type\":\"row\",\"children\":[{\"type\":\"column\",\"props\":{\"image_position\":\"center-center\",\"position_sticky_breakpoint\":\"m\",\"width_medium\":\"1-1\"},\"children\":[{\"type\":\"module\",\"props\":{\"menu_image_align\":\"center\",\"menu_image_margin\":true,\"menu_style\":\"default\",\"menu_type\":\"nav\",\"type\":\"text\",\"widget\":\"text-10\"}}]}]},{\"type\":\"row\",\"props\":{\"layout\":\"2-3,1-3\"},\"children\":[{\"type\":\"column\",\"props\":{\"image_position\":\"center-center\",\"position_sticky_breakpoint\":\"m\",\"width_medium\":\"2-3\"},\"children\":[{\"type\":\"text\",\"props\":{\"column_breakpoint\":\"m\",\"content\":\"\n\n<p>Aprenda mas sobre los t\\u00e9rminos b\\u00e1sicos relacionados con las hierbas y sus usos!<\\\/p>\",\"dropcap\":false,\"margin\":\"default\",\"text_align\":\"justify\",\"text_style\":\"large\"}},{\"type\":\"text\",\"props\":{\"column_breakpoint\":\"m\",\"content\":\"\n\n<p><strong>Droga<\\\/strong>: es la parte de la planta que puede ser recogida y drenada, para uso farmac\\u00e9utico o cosm\\u00e9tico. No todas las partes de una planta son beneficiosas para nuestro cuerpo. En algunas plantas, la droga es la flor con las hojas, en otras hierbas solamente las hojas. Hay muchas hierbas que la droga puede ser la ra\\u00edz. Por lo tanto, es importante saber qu\\u00e9 parte de una hierba podemos utilizar, y cu\\u00e1ndo es el momento adecuado para recogerlo. De esta manera, es m\\u00e1s f\\u00e1cil tener nuestras hierbas favoritas para nosotros mismos sin\\u00a0destruir la planta cortandola toda. Con la droga de cada planta podemos preparar extractos, decocciones, infusiones, cosm\\u00e9ticos y personas con conocimiento, medicinas.<\\\/p>\\n\n\n<p><strong>Tintura (extracto)<\\\/strong>: es la inmersi\\u00f3n de la droga en una soluci\\u00f3n de alcohol y agua en grados espec\\u00edficos de alcohol. Se puede hacer por extracci\\u00f3n caliente o fr\\u00eda. El alcohol tiene la capacidad de encuadernar\\u00a0las propiedades beneficiosas de las plantas que se pueden a\\u00f1adir posteriormente en formulaciones cosm\\u00e9ticas y farmac\\u00e9uticas. La extracci\\u00f3n se puede realizar tambi\\u00e9n en aceite de oliva o de almendra.<\\\/p>\\n\n\n<p><strong>Decocci\\u00f3n<\\\/strong>: es el resultado de la ebullici\\u00f3n suave de la droga, que luego se puede beber o utilizar en un ba\\u00f1o caliente. La decocci\\u00f3n se hace s\\u00f3lo con cortezas duras, frutas y ra\\u00edces de plantas con la \\u00fanica excepci\\u00f3n de la manzanilla.<\\\/p>\\n\n\n<p><strong>Infusi\\u00f3n<\\\/strong>: es el resultado de la inmersi\\u00f3n del parte beneficioso de una planta\\u00a0en agua caliente, para 5 minutos. Tiene los mismos usos que la decocci\\u00f3n. La infusi\\u00f3n se puede hacer de las\\u00a0partes mas fragiles de una planta, como\\u00a0las flores y las hojas, que son m\\u00e1s delicadas.<\\\/p>\\n\n\n<p><strong>Ung\\u00fcento<\\\/strong>: es principalmente la uni\\u00f3n de cera de abejas y aceite. Debido a la base aceitosa, no es f\\u00e1cilmente absorbido por la piel. El prop\\u00f3sito de usar un ung\\u00fcento es exactamente la actividad en la superficie de la piel, como por ejemplo en quemaduras o\\u00a0condiciones leves de la piel.<\\\/p>\",\"margin\":\"default\"}}]},{\"type\":\"column\",\"props\":{\"image_position\":\"center-center\",\"position_sticky_breakpoint\":\"m\",\"width_medium\":\"1-3\"},\"children\":[{\"type\":\"module\",\"props\":{\"menu_image_align\":\"center\",\"menu_image_margin\":true,\"menu_style\":\"default\",\"menu_type\":\"nav\",\"type\":\"text\",\"widget\":\"text-18\"}},{\"type\":\"module\",\"props\":{\"list_style\":\"divider\",\"margin\":\"large\",\"menu_image_align\":\"center\",\"menu_image_margin\":true,\"menu_style\":\"default\",\"menu_type\":\"nav\",\"style\":\"card-default\",\"type\":\"recent-posts\",\"widget\":\"recent-posts-6\"}}]}]}]}],\"version\":\"4.4.7\"} --><\/p>\n","protected":false},"excerpt":{"rendered":"<p>Explicaci\u00f3n de T\u00e9rminos Aprenda mas sobre los t\u00e9rminos b\u00e1sicos relacionados con las hierbas y sus usos! Droga: es la parte de la planta que puede ser recogida y drenada, para uso farmac\u00e9utico o cosm\u00e9tico. No todas las partes de una planta son beneficiosas para nuestro cuerpo. En algunas plantas, la droga es la flor con [&hellip;]<\/p>\n","protected":false},"author":1,"featured_media":0,"parent":0,"menu_order":0,"comment_status":"closed","ping_status":"closed","template":"","meta":{"footnotes":""},"class_list":["post-2447","page","type-page","status-publish","hentry"],"aioseo_notices":[],"_links":{"self":[{"href":"https:\/\/botanologio.com\/es\/wp-json\/wp\/v2\/pages\/2447","targetHints":{"allow":["GET"]}}],"collection":[{"href":"https:\/\/botanologio.com\/es\/wp-json\/wp\/v2\/pages"}],"about":[{"href":"https:\/\/botanologio.com\/es\/wp-json\/wp\/v2\/types\/page"}],"author":[{"embeddable":true,"href":"https:\/\/botanologio.com\/es\/wp-json\/wp\/v2\/users\/1"}],"replies":[{"embeddable":true,"href":"https:\/\/botanologio.com\/es\/wp-json\/wp\/v2\/comments?post=2447"}],"version-history":[{"count":5,"href":"https:\/\/botanologio.com\/es\/wp-json\/wp\/v2\/pages\/2447\/revisions"}],"predecessor-version":[{"id":7909,"href":"https:\/\/botanologio.com\/es\/wp-json\/wp\/v2\/pages\/2447\/revisions\/7909"}],"wp:attachment":[{"href":"https:\/\/botanologio.com\/es\/wp-json\/wp\/v2\/media?parent=2447"}],"curies":[{"name":"wp","href":"https:\/\/api.w.org\/{rel}","templated":true}]}}