{"id":2452,"date":"2017-03-16T12:57:25","date_gmt":"2017-03-16T10:57:25","guid":{"rendered":"http:\/\/botanologio.com\/?page_id=2452\/"},"modified":"2024-08-06T12:42:19","modified_gmt":"2024-08-06T09:42:19","slug":"coleccion-de-video","status":"publish","type":"page","link":"https:\/\/botanologio.com\/es\/coleccion-de-video\/","title":{"rendered":"colecci\u00f3n de v\u00eddeo"},"content":{"rendered":"<h1>Colecci\u00f3n de v\u00eddeo<\/h1>\n<div>\n<p>Videos de varias hierbas y plantas<\/p>\n<\/div>\n<h3>Alcachofa Silvestre<\/h3>\n<p><iframe src=\"https:\/\/www.youtube.com\/watch?v=Y_YwKAhxDDo\"><\/iframe><\/p>\n<h3>Membrillo<\/h3>\n<p><iframe src=\"https:\/\/www.youtube.com\/watch?v=utnSTa_KGNs\"><\/iframe><\/p>\n<h3>Ciruela<\/h3>\n<p><iframe src=\"https:\/\/www.youtube.com\/watch?v=gN5NRL86d5o\"><\/iframe><\/p>\n<h3>Granado<\/h3>\n<p><iframe src=\"https:\/\/www.youtube.com\/watch?v=OvpmZsgc6gw\"><\/iframe><\/p>\n<h3>Almendra Silvestre<\/h3>\n<p><iframe src=\"https:\/\/www.youtube.com\/watch?v=o_Sn3P7bG8I\"><\/iframe><\/p>\n<p><!--more--><br \/>\n<!-- {\"name\":\"videogallery\",\"type\":\"layout\",\"children\":[{\"type\":\"section\",\"props\":{\"animation\":\"scale-down\",\"animation_delay\":\"200\",\"image_position\":\"center-center\",\"style\":\"default\",\"title_breakpoint\":\"xl\",\"title_position\":\"top-left\",\"title_rotation\":\"left\",\"vertical_align\":\"\",\"width\":\"large\"},\"children\":[{\"type\":\"row\",\"children\":[{\"type\":\"column\",\"props\":{\"image_position\":\"center-center\",\"position_sticky_breakpoint\":\"m\",\"width_medium\":\"1-1\"},\"children\":[{\"type\":\"headline\",\"props\":{\"content\":\"Colecci\\u00f3n de v\\u00eddeo\",\"maxwidth\":\"large\",\"title_decoration\":\"divider\",\"title_element\":\"h1\"}}]}]}],\"name\":\"title\"},{\"type\":\"section\",\"props\":{\"image_position\":\"center-center\",\"style\":\"muted\",\"title_breakpoint\":\"xl\",\"title_position\":\"top-left\",\"title_rotation\":\"left\",\"vertical_align\":\"\",\"width\":\"large\"},\"children\":[{\"type\":\"row\",\"children\":[{\"type\":\"column\",\"props\":{\"image_position\":\"center-center\",\"position_sticky_breakpoint\":\"m\",\"width_medium\":\"1-1\"},\"children\":[{\"type\":\"module\",\"props\":{\"menu_image_align\":\"center\",\"menu_image_margin\":true,\"menu_style\":\"default\",\"menu_type\":\"nav\",\"type\":\"text\",\"widget\":\"text-10\"}}]}]},{\"type\":\"row\",\"props\":{\"layout\":\"2-3,1-3\"},\"children\":[{\"type\":\"column\",\"props\":{\"image_position\":\"center-center\",\"position_sticky_breakpoint\":\"m\",\"width_medium\":\"2-3\"},\"children\":[{\"type\":\"text\",\"props\":{\"column_breakpoint\":\"m\",\"content\":\"\n\n<p>Videos de varias hierbas y plantas<\\\/p>\",\"margin\":\"default\",\"text_align\":\"center\",\"text_style\":\"large\"}},{\"type\":\"headline\",\"props\":{\"content\":\"Alcachofa Silvestre\",\"maxwidth\":\"large\",\"title_color\":\"muted\",\"title_decoration\":\"line\",\"title_element\":\"h3\",\"title_style\":\"h3\"}},{\"type\":\"video\",\"props\":{\"margin\":\"default\",\"text_align\":\"center\",\"video\":\"https:\\\/\\\/www.youtube.com\\\/watch?v=Y_YwKAhxDDo\",\"video_box_shadow\":\"xlarge\",\"video_controls\":true,\"video_height\":\"590\",\"video_width\":\"1000\"}},{\"type\":\"headline\",\"props\":{\"content\":\"Membrillo\",\"maxwidth\":\"medium\",\"title_color\":\"muted\",\"title_decoration\":\"line\",\"title_element\":\"h3\",\"title_style\":\"h3\"}},{\"type\":\"video\",\"props\":{\"margin\":\"default\",\"text_align\":\"center\",\"video\":\"https:\\\/\\\/www.youtube.com\\\/watch?v=utnSTa_KGNs\",\"video_box_shadow\":\"xlarge\",\"video_controls\":true,\"video_height\":\"590\",\"video_width\":\"1000\"}},{\"type\":\"headline\",\"props\":{\"content\":\"Ciruela\",\"maxwidth\":\"medium\",\"title_color\":\"muted\",\"title_decoration\":\"line\",\"title_element\":\"h3\",\"title_style\":\"h3\"}},{\"type\":\"video\",\"props\":{\"margin\":\"default\",\"text_align\":\"center\",\"video\":\"https:\\\/\\\/www.youtube.com\\\/watch?v=gN5NRL86d5o\",\"video_box_shadow\":\"xlarge\",\"video_controls\":true,\"video_height\":\"590\",\"video_width\":\"1000\"}},{\"type\":\"headline\",\"props\":{\"content\":\"Granado\",\"maxwidth\":\"medium\",\"title_color\":\"muted\",\"title_decoration\":\"line\",\"title_element\":\"h3\",\"title_style\":\"h3\"}},{\"type\":\"video\",\"props\":{\"margin\":\"default\",\"text_align\":\"center\",\"video\":\"https:\\\/\\\/www.youtube.com\\\/watch?v=OvpmZsgc6gw\",\"video_box_shadow\":\"xlarge\",\"video_controls\":true,\"video_height\":\"590\",\"video_width\":\"1000\"}},{\"type\":\"headline\",\"props\":{\"content\":\"Almendra Silvestre\",\"maxwidth\":\"medium\",\"title_color\":\"muted\",\"title_decoration\":\"line\",\"title_element\":\"h3\",\"title_style\":\"h3\"}},{\"type\":\"video\",\"props\":{\"margin\":\"default\",\"text_align\":\"center\",\"video\":\"https:\\\/\\\/www.youtube.com\\\/watch?v=o_Sn3P7bG8I\",\"video_box_shadow\":\"xlarge\",\"video_controls\":true,\"video_height\":\"590\",\"video_width\":\"1000\"}}]},{\"type\":\"column\",\"props\":{\"image_position\":\"center-center\",\"position_sticky_breakpoint\":\"m\",\"width_medium\":\"1-3\"},\"children\":[{\"type\":\"module\",\"props\":{\"menu_image_align\":\"center\",\"menu_image_margin\":true,\"menu_style\":\"default\",\"menu_type\":\"nav\",\"type\":\"text\",\"widget\":\"text-18\"}},{\"type\":\"module\",\"props\":{\"list_style\":\"divider\",\"margin\":\"large\",\"menu_image_align\":\"center\",\"menu_image_margin\":true,\"menu_style\":\"default\",\"menu_type\":\"nav\",\"style\":\"card-default\",\"type\":\"recent-posts\",\"widget\":\"recent-posts-6\"}}]}]}]}],\"version\":\"4.4.7\"} --><\/p>\n","protected":false},"excerpt":{"rendered":"<p>Colecci\u00f3n de v\u00eddeo Videos de varias hierbas y plantas Alcachofa Silvestre Membrillo Ciruela Granado Almendra Silvestre<\/p>\n","protected":false},"author":1,"featured_media":0,"parent":0,"menu_order":0,"comment_status":"closed","ping_status":"closed","template":"","meta":{"footnotes":""},"class_list":["post-2452","page","type-page","status-publish","hentry"],"aioseo_notices":[],"_links":{"self":[{"href":"https:\/\/botanologio.com\/es\/wp-json\/wp\/v2\/pages\/2452","targetHints":{"allow":["GET"]}}],"collection":[{"href":"https:\/\/botanologio.com\/es\/wp-json\/wp\/v2\/pages"}],"about":[{"href":"https:\/\/botanologio.com\/es\/wp-json\/wp\/v2\/types\/page"}],"author":[{"embeddable":true,"href":"https:\/\/botanologio.com\/es\/wp-json\/wp\/v2\/users\/1"}],"replies":[{"embeddable":true,"href":"https:\/\/botanologio.com\/es\/wp-json\/wp\/v2\/comments?post=2452"}],"version-history":[{"count":5,"href":"https:\/\/botanologio.com\/es\/wp-json\/wp\/v2\/pages\/2452\/revisions"}],"predecessor-version":[{"id":7912,"href":"https:\/\/botanologio.com\/es\/wp-json\/wp\/v2\/pages\/2452\/revisions\/7912"}],"wp:attachment":[{"href":"https:\/\/botanologio.com\/es\/wp-json\/wp\/v2\/media?parent=2452"}],"curies":[{"name":"wp","href":"https:\/\/api.w.org\/{rel}","templated":true}]}}