{"id":2453,"date":"2017-03-16T12:58:23","date_gmt":"2017-03-16T10:58:23","guid":{"rendered":"http:\/\/botanologio.com\/?page_id=2453\/"},"modified":"2024-08-06T12:41:53","modified_gmt":"2024-08-06T09:41:53","slug":"galeria-de-imagenes","status":"publish","type":"page","link":"https:\/\/botanologio.com\/es\/galeria-de-imagenes\/","title":{"rendered":"Galer\u00eda de im\u00e1genes"},"content":{"rendered":"<h1>Galer\u00eda de im\u00e1genes<\/h1>\n<div>\n<p>Fotos de varias hierbas y plantas<\/p>\n<\/div>\n<ul>\n<li>\n<p>        <img decoding=\"async\" src=\"\/wp-content\/uploads\/2016\/09\/vasilikos-votana.jpg\" alt=\"\u03b2\u03bf\u03c4\u03b1\u03bd\u03b1 \u03b8\u03b5\u03c1\u03b1\u03c0\u03b5\u03c5\u03c4\u03b9\u03ba\u03b1\"><\/p>\n<h3>\u03a6\u03cd\u03bb\u03bb\u03b1 \u0392\u03b1\u03c3\u03b9\u03bb\u03b9\u03ba\u03bf\u03cd<\/h3>\n<\/li>\n<li>\n<p>        <img decoding=\"async\" src=\"\/wp-content\/uploads\/2016\/09\/axladia-votana.jpg\" alt=\"\u03b2\u03bf\u03c4\u03b1\u03bd\u03b1\"><\/p>\n<h3>\u0386\u03bd\u03b8\u03b7 \u0391\u03c7\u03bb\u03b1\u03b4\u03b9\u03ac\u03c2<\/h3>\n<\/li>\n<li>\n<p>        <img decoding=\"async\" src=\"\/wp-content\/uploads\/2016\/09\/galiki-levanta-votana.jpg\" alt=\"\u03b8\u03b5\u03c1\u03b1\u03c0\u03b5\u03c5\u03c4\u03b9\u03ba\u03b1 \u03b2\u03bf\u03c4\u03b1\u03bd\u03b1\"><\/p>\n<h3>\u0393\u03b1\u03bb\u03bb\u03b9\u03ba\u03ae \u039b\u03b5\u03b2\u03ac\u03bd\u03c4\u03b1<\/h3>\n<\/li>\n<li>\n<p>        <img decoding=\"async\" src=\"\/wp-content\/uploads\/2016\/09\/fraoula-votana.jpg\" alt=\"\u03b2\u03bf\u03c4\u03b1\u03bd\u03b1\"><\/p>\n<h3>\u0386\u03bd\u03b8\u03b7 \u03a6\u03c1\u03ac\u03bf\u03c5\u03bb\u03b1\u03c2<\/h3>\n<\/li>\n<li>\n<p>        <img decoding=\"async\" src=\"\/wp-content\/uploads\/2016\/09\/roka-votana.jpg\" alt=\"\u03b5\u03bb\u03bb\u03b7\u03bd\u03b9\u03ba\u03b1 \u03b2\u03bf\u03c4\u03b1\u03bd\u03b1\"><\/p>\n<h3>\u0386\u03bd\u03b8\u03b7 \u03a1\u03cc\u03ba\u03b1\u03c2<\/h3>\n<\/li>\n<li>\n<p>        <img decoding=\"async\" src=\"\/wp-content\/uploads\/2016\/09\/moloxa-botana.jpg\" alt=\"\u03b2\u03bf\u03c4\u03b1\u03bd\u03b1\"><\/p>\n<h3>\u0386\u03bd\u03b8\u03b7 \u039c\u03bf\u03bb\u03cc\u03c7\u03b1\u03c2<\/h3>\n<\/li>\n<li>\n<p>        <img decoding=\"async\" src=\"\/wp-content\/uploads\/2016\/09\/melissoxorto-votana.jpg\" alt=\"\u03b2\u03bf\u03c4\u03b1\u03bd\u03b1\"><\/p>\n<h3>\u03a6\u03cd\u03bb\u03bb\u03b1 \u039c\u03b5\u03bb\u03b9\u03c3\u03c3\u03cc\u03c7\u03bf\u03c1\u03c4\u03bf<\/h3>\n<\/li>\n<li>\n<p>        <img decoding=\"async\" src=\"\/wp-content\/uploads\/2016\/09\/anthos-kidonias-votana.jpg\" alt=\"\u03b5\u03bb\u03bb\u03b7\u03bd\u03b9\u03ba\u03b1 \u03b2\u03bf\u03c4\u03b1\u03bd\u03b1\"><\/p>\n<h3>\u0386\u03bd\u03b8\u03bf\u03c2 \u039a\u03c5\u03b4\u03c9\u03bd\u03b9\u03ac\u03c2<\/h3>\n<\/li>\n<li>\n<p>        <img decoding=\"async\" src=\"\/wp-content\/uploads\/2016\/09\/anthi-kerasias-botana.jpg\" alt=\"\u03b8\u03b5\u03c1\u03b1\u03c0\u03b5\u03c5\u03c4\u03b9\u03ba\u03b1 \u03b2\u03bf\u03c4\u03b1\u03bd\u03b1\"><\/p>\n<h3>\u0386\u03bd\u03b8\u03b7 \u039a\u03b5\u03c1\u03b1\u03c3\u03b9\u03ac\u03c2<\/h3>\n<\/li>\n<li>\n<p>        <img decoding=\"async\" src=\"\/wp-content\/uploads\/2016\/09\/krinos-anthos.jpg\" alt=\"\u03b2\u03bf\u03c4\u03b1\u03bd\u03b1\"><\/p>\n<h3>\u0386\u03bd\u03b8\u03b7 \u039a\u03c1\u03af\u03bd\u03bf\u03c5<\/h3>\n<\/li>\n<li>\n<p>        <img decoding=\"async\" src=\"\/wp-content\/uploads\/2016\/09\/pasxalia-votana.jpg\" alt=\"\u03b2\u03bf\u03c4\u03b1\u03bd\u03b1\"><\/p>\n<h3>\u0386\u03bd\u03b8\u03b7 \u03c4\u03b7\u03c2 \u03a0\u03b1\u03c3\u03c7\u03b1\u03bb\u03b9\u03ac\u03c2<\/h3>\n<\/li>\n<li>\n<p>        <img decoding=\"async\" src=\"\/wp-content\/uploads\/2016\/09\/anthos-moloxa-botana.jpg\" alt=\"\u03b2\u03bf\u03c4\u03b1\u03bd\u03b1\"><\/p>\n<h3>\u03a4\u03bf \u03b2\u03cc\u03c4\u03b1\u03bd\u03bf \u039c\u03bf\u03bb\u03cc\u03c7\u03b1<\/h3>\n<\/li>\n<li>\n<p>        <img decoding=\"async\" src=\"\/wp-content\/uploads\/2017\/05\/louisa-plant1.jpg\" alt=\"\u03b2\u03bf\u03c4\u03b1\u03bd\u03b1\"><\/p>\n<h3>\u0386\u03bd\u03b8\u03bf\u03c2 \u039b\u03bf\u03c5\u03af\u03b6\u03b1\u03c2<\/h3>\n<\/li>\n<li>\n<p>        <img decoding=\"async\" src=\"\/wp-content\/uploads\/2017\/05\/plant3.jpg\" alt=\"\u03b2\u03bf\u03c4\u03b1\u03bd\u03b1\"><\/p>\n<h3>\u0386\u03bd\u03b8\u03bf\u03c2 \u039a\u03c5\u03b4\u03c9\u03bd\u03b9\u03ac\u03c2<\/h3>\n<\/li>\n<li>\n<p>        <img decoding=\"async\" src=\"\/wp-content\/uploads\/2017\/05\/plant2.jpg\" alt=\"\u03ba\u03b1\u03bb\u03bb\u03c5\u03bd\u03c4\u03b9\u03ba\u03b1 \u03b2\u03bf\u03c4\u03b1\u03bd\u03b1\"><\/p>\n<h3>\u0386\u03bd\u03b8\u03b7 \u0391\u03c7\u03bb\u03b1\u03b4\u03b9\u03ac\u03c2<\/h3>\n<\/li>\n<li>\n<p>        <img decoding=\"async\" src=\"\/wp-content\/uploads\/2017\/05\/plant1.jpg\" alt=\"\u03b2\u03bf\u03c4\u03b1\u03bd\u03b1\"><\/p>\n<h3>\u0386\u03bd\u03b8\u03b7<\/h3>\n<\/li>\n<li>\n<p>        <img decoding=\"async\" src=\"\/wp-content\/uploads\/2017\/05\/pasxalia1.jpg\" alt=\"\u03b2\u03bf\u03c4\u03b1\u03bd\u03b1 \u03b8\u03b5\u03c1\u03b1\u03c0\u03b5\u03c5\u03c4\u03b9\u03ba\u03b1\"><\/p>\n<h3>\u0386\u03bd\u03b8\u03b7 \u03a0\u03b1\u03c3\u03c7\u03b1\u03bb\u03b9\u03ac\u03c2<\/h3>\n<\/li>\n<li>\n<p>        <img decoding=\"async\" src=\"\/wp-content\/uploads\/2017\/05\/margarita-flower-1.jpg\" alt=\"\u03b2\u03bf\u03c4\u03b1\u03bd\u03b1\"><\/p>\n<h3>\u0386\u03bd\u03b8\u03bf\u03c2 \u039c\u03b1\u03c1\u03b3\u03b1\u03c1\u03af\u03c4\u03b1<\/h3>\n<\/li>\n<\/ul>\n<p><!--more--><br \/>\n<!-- {\"name\":\"photogallery\",\"type\":\"layout\",\"children\":[{\"type\":\"section\",\"props\":{\"animation\":\"scale-down\",\"animation_delay\":\"200\",\"image_position\":\"center-center\",\"style\":\"default\",\"title_breakpoint\":\"xl\",\"title_position\":\"top-left\",\"title_rotation\":\"left\",\"vertical_align\":\"\",\"width\":\"large\"},\"children\":[{\"type\":\"row\",\"children\":[{\"type\":\"column\",\"props\":{\"image_position\":\"center-center\",\"position_sticky_breakpoint\":\"m\",\"width_medium\":\"1-1\"},\"children\":[{\"type\":\"headline\",\"props\":{\"content\":\"Galer\\u00eda de im\\u00e1genes\",\"maxwidth\":\"2xlarge\",\"title_decoration\":\"divider\",\"title_element\":\"h1\"}}]}]}],\"name\":\"title\"},{\"type\":\"section\",\"props\":{\"animation\":\"fade\",\"animation_delay\":\"200\",\"image_position\":\"center-center\",\"style\":\"muted\",\"title_breakpoint\":\"xl\",\"title_position\":\"top-left\",\"title_rotation\":\"left\",\"vertical_align\":\"\",\"width\":\"large\"},\"children\":[{\"type\":\"row\",\"children\":[{\"type\":\"column\",\"props\":{\"image_position\":\"center-center\",\"position_sticky_breakpoint\":\"m\",\"width_medium\":\"1-1\"},\"children\":[{\"type\":\"module\",\"props\":{\"menu_image_align\":\"center\",\"menu_image_margin\":true,\"menu_style\":\"default\",\"menu_type\":\"nav\",\"type\":\"text\",\"widget\":\"text-10\"}}]}]},{\"type\":\"row\",\"props\":{\"layout\":\"2-3,1-3\"},\"children\":[{\"type\":\"column\",\"props\":{\"image_position\":\"center-center\",\"position_sticky_breakpoint\":\"m\",\"width_medium\":\"2-3\"},\"children\":[{\"type\":\"text\",\"props\":{\"column_breakpoint\":\"m\",\"content\":\"\n\n<p>Fotos de varias hierbas y plantas<\\\/p>\",\"margin\":\"default\",\"text_align\":\"center\",\"text_style\":\"large\"}},{\"type\":\"gallery\",\"props\":{\"animation\":\"fade\",\"content_display\":\"lightbox\",\"filter_align\":\"left\",\"filter_all\":true,\"filter_grid_breakpoint\":\"m\",\"filter_grid_width\":\"auto\",\"filter_position\":\"top\",\"filter_style\":\"tab\",\"grid_column_gap\":\"small\",\"grid_default\":\"2\",\"grid_large\":\"4\",\"grid_medium\":\"3\",\"grid_row_gap\":\"small\",\"item_animation\":true,\"lightbox\":true,\"link_style\":\"\",\"link_text\":\"\",\"margin\":\"default\",\"meta_align\":\"below-title\",\"meta_element\":\"div\",\"meta_style\":\"text-meta\",\"overlay_hover\":true,\"overlay_link\":true,\"overlay_mode\":\"cover\",\"overlay_position\":\"center\",\"overlay_style\":\"overlay-primary\",\"overlay_transition\":\"fade\",\"parallax_easing\":\"1\",\"show_content\":true,\"show_hover_image\":true,\"show_hover_video\":true,\"show_link\":true,\"show_meta\":true,\"show_title\":true,\"text_align\":\"center\",\"text_color\":\"light\",\"title_display\":\"lightbox\",\"title_element\":\"h3\",\"title_hover_style\":\"reset\"},\"children\":[{\"type\":\"gallery_item\",\"props\":{\"image\":\"wp-content\\\/uploads\\\/2016\\\/09\\\/vasilikos-votana.jpg\",\"image_alt\":\"\\u03b2\\u03bf\\u03c4\\u03b1\\u03bd\\u03b1 \\u03b8\\u03b5\\u03c1\\u03b1\\u03c0\\u03b5\\u03c5\\u03c4\\u03b9\\u03ba\\u03b1\",\"title\":\"\\u03a6\\u03cd\\u03bb\\u03bb\\u03b1 \\u0392\\u03b1\\u03c3\\u03b9\\u03bb\\u03b9\\u03ba\\u03bf\\u03cd\"}},{\"type\":\"gallery_item\",\"props\":{\"image\":\"wp-content\\\/uploads\\\/2016\\\/09\\\/axladia-votana.jpg\",\"image_alt\":\"\\u03b2\\u03bf\\u03c4\\u03b1\\u03bd\\u03b1\",\"title\":\"\\u0386\\u03bd\\u03b8\\u03b7 \\u0391\\u03c7\\u03bb\\u03b1\\u03b4\\u03b9\\u03ac\\u03c2\"}},{\"type\":\"gallery_item\",\"props\":{\"image\":\"wp-content\\\/uploads\\\/2016\\\/09\\\/galiki-levanta-votana.jpg\",\"image_alt\":\"\\u03b8\\u03b5\\u03c1\\u03b1\\u03c0\\u03b5\\u03c5\\u03c4\\u03b9\\u03ba\\u03b1 \\u03b2\\u03bf\\u03c4\\u03b1\\u03bd\\u03b1\",\"title\":\"\\u0393\\u03b1\\u03bb\\u03bb\\u03b9\\u03ba\\u03ae \\u039b\\u03b5\\u03b2\\u03ac\\u03bd\\u03c4\\u03b1\"}},{\"type\":\"gallery_item\",\"props\":{\"image\":\"wp-content\\\/uploads\\\/2016\\\/09\\\/fraoula-votana.jpg\",\"image_alt\":\"\\u03b2\\u03bf\\u03c4\\u03b1\\u03bd\\u03b1\",\"title\":\"\\u0386\\u03bd\\u03b8\\u03b7 \\u03a6\\u03c1\\u03ac\\u03bf\\u03c5\\u03bb\\u03b1\\u03c2\"}},{\"type\":\"gallery_item\",\"props\":{\"image\":\"wp-content\\\/uploads\\\/2016\\\/09\\\/roka-votana.jpg\",\"image_alt\":\"\\u03b5\\u03bb\\u03bb\\u03b7\\u03bd\\u03b9\\u03ba\\u03b1 \\u03b2\\u03bf\\u03c4\\u03b1\\u03bd\\u03b1\",\"title\":\"\\u0386\\u03bd\\u03b8\\u03b7 \\u03a1\\u03cc\\u03ba\\u03b1\\u03c2\"}},{\"type\":\"gallery_item\",\"props\":{\"image\":\"wp-content\\\/uploads\\\/2016\\\/09\\\/moloxa-botana.jpg\",\"image_alt\":\"\\u03b2\\u03bf\\u03c4\\u03b1\\u03bd\\u03b1\",\"title\":\"\\u0386\\u03bd\\u03b8\\u03b7 \\u039c\\u03bf\\u03bb\\u03cc\\u03c7\\u03b1\\u03c2\"}},{\"type\":\"gallery_item\",\"props\":{\"image\":\"wp-content\\\/uploads\\\/2016\\\/09\\\/melissoxorto-votana.jpg\",\"image_alt\":\"\\u03b2\\u03bf\\u03c4\\u03b1\\u03bd\\u03b1\",\"title\":\"\\u03a6\\u03cd\\u03bb\\u03bb\\u03b1 \\u039c\\u03b5\\u03bb\\u03b9\\u03c3\\u03c3\\u03cc\\u03c7\\u03bf\\u03c1\\u03c4\\u03bf\"}},{\"type\":\"gallery_item\",\"props\":{\"image\":\"wp-content\\\/uploads\\\/2016\\\/09\\\/anthos-kidonias-votana.jpg\",\"image_alt\":\"\\u03b5\\u03bb\\u03bb\\u03b7\\u03bd\\u03b9\\u03ba\\u03b1 \\u03b2\\u03bf\\u03c4\\u03b1\\u03bd\\u03b1\",\"title\":\"\\u0386\\u03bd\\u03b8\\u03bf\\u03c2 \\u039a\\u03c5\\u03b4\\u03c9\\u03bd\\u03b9\\u03ac\\u03c2\"}},{\"type\":\"gallery_item\",\"props\":{\"image\":\"wp-content\\\/uploads\\\/2016\\\/09\\\/anthi-kerasias-botana.jpg\",\"image_alt\":\"\\u03b8\\u03b5\\u03c1\\u03b1\\u03c0\\u03b5\\u03c5\\u03c4\\u03b9\\u03ba\\u03b1 \\u03b2\\u03bf\\u03c4\\u03b1\\u03bd\\u03b1\",\"title\":\"\\u0386\\u03bd\\u03b8\\u03b7 \\u039a\\u03b5\\u03c1\\u03b1\\u03c3\\u03b9\\u03ac\\u03c2\"}},{\"type\":\"gallery_item\",\"props\":{\"image\":\"wp-content\\\/uploads\\\/2016\\\/09\\\/krinos-anthos.jpg\",\"image_alt\":\"\\u03b2\\u03bf\\u03c4\\u03b1\\u03bd\\u03b1\",\"title\":\"\\u0386\\u03bd\\u03b8\\u03b7 \\u039a\\u03c1\\u03af\\u03bd\\u03bf\\u03c5\"}},{\"type\":\"gallery_item\",\"props\":{\"image\":\"wp-content\\\/uploads\\\/2016\\\/09\\\/pasxalia-votana.jpg\",\"image_alt\":\"\\u03b2\\u03bf\\u03c4\\u03b1\\u03bd\\u03b1\",\"title\":\"\\u0386\\u03bd\\u03b8\\u03b7 \\u03c4\\u03b7\\u03c2 \\u03a0\\u03b1\\u03c3\\u03c7\\u03b1\\u03bb\\u03b9\\u03ac\\u03c2\"}},{\"type\":\"gallery_item\",\"props\":{\"image\":\"wp-content\\\/uploads\\\/2016\\\/09\\\/anthos-moloxa-botana.jpg\",\"image_alt\":\"\\u03b2\\u03bf\\u03c4\\u03b1\\u03bd\\u03b1\",\"title\":\"\\u03a4\\u03bf \\u03b2\\u03cc\\u03c4\\u03b1\\u03bd\\u03bf \\u039c\\u03bf\\u03bb\\u03cc\\u03c7\\u03b1\"}},{\"type\":\"gallery_item\",\"props\":{\"image\":\"wp-content\\\/uploads\\\/2017\\\/05\\\/louisa-plant1.jpg\",\"image_alt\":\"\\u03b2\\u03bf\\u03c4\\u03b1\\u03bd\\u03b1\",\"title\":\"\\u0386\\u03bd\\u03b8\\u03bf\\u03c2 \\u039b\\u03bf\\u03c5\\u03af\\u03b6\\u03b1\\u03c2\"}},{\"type\":\"gallery_item\",\"props\":{\"image\":\"wp-content\\\/uploads\\\/2017\\\/05\\\/plant3.jpg\",\"image_alt\":\"\\u03b2\\u03bf\\u03c4\\u03b1\\u03bd\\u03b1\",\"title\":\"\\u0386\\u03bd\\u03b8\\u03bf\\u03c2 \\u039a\\u03c5\\u03b4\\u03c9\\u03bd\\u03b9\\u03ac\\u03c2\"}},{\"type\":\"gallery_item\",\"props\":{\"image\":\"wp-content\\\/uploads\\\/2017\\\/05\\\/plant2.jpg\",\"image_alt\":\"\\u03ba\\u03b1\\u03bb\\u03bb\\u03c5\\u03bd\\u03c4\\u03b9\\u03ba\\u03b1 \\u03b2\\u03bf\\u03c4\\u03b1\\u03bd\\u03b1\",\"title\":\"\\u0386\\u03bd\\u03b8\\u03b7 \\u0391\\u03c7\\u03bb\\u03b1\\u03b4\\u03b9\\u03ac\\u03c2\"}},{\"type\":\"gallery_item\",\"props\":{\"image\":\"wp-content\\\/uploads\\\/2017\\\/05\\\/plant1.jpg\",\"image_alt\":\"\\u03b2\\u03bf\\u03c4\\u03b1\\u03bd\\u03b1\",\"title\":\"\\u0386\\u03bd\\u03b8\\u03b7\"}},{\"type\":\"gallery_item\",\"props\":{\"image\":\"wp-content\\\/uploads\\\/2017\\\/05\\\/pasxalia1.jpg\",\"image_alt\":\"\\u03b2\\u03bf\\u03c4\\u03b1\\u03bd\\u03b1 \\u03b8\\u03b5\\u03c1\\u03b1\\u03c0\\u03b5\\u03c5\\u03c4\\u03b9\\u03ba\\u03b1\",\"title\":\"\\u0386\\u03bd\\u03b8\\u03b7 \\u03a0\\u03b1\\u03c3\\u03c7\\u03b1\\u03bb\\u03b9\\u03ac\\u03c2\"}},{\"type\":\"gallery_item\",\"props\":{\"image\":\"wp-content\\\/uploads\\\/2017\\\/05\\\/margarita-flower-1.jpg\",\"image_alt\":\"\\u03b2\\u03bf\\u03c4\\u03b1\\u03bd\\u03b1\",\"title\":\"\\u0386\\u03bd\\u03b8\\u03bf\\u03c2 \\u039c\\u03b1\\u03c1\\u03b3\\u03b1\\u03c1\\u03af\\u03c4\\u03b1\"}}],\"name\":\"main gallery\"}]},{\"type\":\"column\",\"props\":{\"image_position\":\"center-center\",\"position_sticky_breakpoint\":\"m\",\"width_medium\":\"1-3\"},\"children\":[{\"type\":\"module\",\"props\":{\"menu_image_align\":\"center\",\"menu_image_margin\":true,\"menu_style\":\"default\",\"menu_type\":\"nav\",\"type\":\"text\",\"widget\":\"text-18\"}},{\"type\":\"module\",\"props\":{\"list_style\":\"divider\",\"margin\":\"large\",\"menu_image_align\":\"center\",\"menu_image_margin\":true,\"menu_style\":\"default\",\"menu_type\":\"nav\",\"style\":\"card-default\",\"type\":\"recent-posts\",\"widget\":\"recent-posts-6\"}}]}]}]}],\"version\":\"4.4.7\"} --><\/p>\n","protected":false},"excerpt":{"rendered":"<p>Galer\u00eda de im\u00e1genes Fotos de varias hierbas y plantas \u03a6\u03cd\u03bb\u03bb\u03b1 \u0392\u03b1\u03c3\u03b9\u03bb\u03b9\u03ba\u03bf\u03cd \u0386\u03bd\u03b8\u03b7 \u0391\u03c7\u03bb\u03b1\u03b4\u03b9\u03ac\u03c2 \u0393\u03b1\u03bb\u03bb\u03b9\u03ba\u03ae \u039b\u03b5\u03b2\u03ac\u03bd\u03c4\u03b1 \u0386\u03bd\u03b8\u03b7 \u03a6\u03c1\u03ac\u03bf\u03c5\u03bb\u03b1\u03c2 \u0386\u03bd\u03b8\u03b7 \u03a1\u03cc\u03ba\u03b1\u03c2 \u0386\u03bd\u03b8\u03b7 \u039c\u03bf\u03bb\u03cc\u03c7\u03b1\u03c2 \u03a6\u03cd\u03bb\u03bb\u03b1 \u039c\u03b5\u03bb\u03b9\u03c3\u03c3\u03cc\u03c7\u03bf\u03c1\u03c4\u03bf \u0386\u03bd\u03b8\u03bf\u03c2 \u039a\u03c5\u03b4\u03c9\u03bd\u03b9\u03ac\u03c2 \u0386\u03bd\u03b8\u03b7 \u039a\u03b5\u03c1\u03b1\u03c3\u03b9\u03ac\u03c2 \u0386\u03bd\u03b8\u03b7 \u039a\u03c1\u03af\u03bd\u03bf\u03c5 \u0386\u03bd\u03b8\u03b7 \u03c4\u03b7\u03c2 \u03a0\u03b1\u03c3\u03c7\u03b1\u03bb\u03b9\u03ac\u03c2 \u03a4\u03bf \u03b2\u03cc\u03c4\u03b1\u03bd\u03bf \u039c\u03bf\u03bb\u03cc\u03c7\u03b1 \u0386\u03bd\u03b8\u03bf\u03c2 \u039b\u03bf\u03c5\u03af\u03b6\u03b1\u03c2 \u0386\u03bd\u03b8\u03bf\u03c2 \u039a\u03c5\u03b4\u03c9\u03bd\u03b9\u03ac\u03c2 \u0386\u03bd\u03b8\u03b7 \u0391\u03c7\u03bb\u03b1\u03b4\u03b9\u03ac\u03c2 \u0386\u03bd\u03b8\u03b7 \u0386\u03bd\u03b8\u03b7 \u03a0\u03b1\u03c3\u03c7\u03b1\u03bb\u03b9\u03ac\u03c2 \u0386\u03bd\u03b8\u03bf\u03c2 \u039c\u03b1\u03c1\u03b3\u03b1\u03c1\u03af\u03c4\u03b1<\/p>\n","protected":false},"author":1,"featured_media":0,"parent":0,"menu_order":0,"comment_status":"closed","ping_status":"closed","template":"","meta":{"footnotes":""},"class_list":["post-2453","page","type-page","status-publish","hentry"],"aioseo_notices":[],"_links":{"self":[{"href":"https:\/\/botanologio.com\/es\/wp-json\/wp\/v2\/pages\/2453","targetHints":{"allow":["GET"]}}],"collection":[{"href":"https:\/\/botanologio.com\/es\/wp-json\/wp\/v2\/pages"}],"about":[{"href":"https:\/\/botanologio.com\/es\/wp-json\/wp\/v2\/types\/page"}],"author":[{"embeddable":true,"href":"https:\/\/botanologio.com\/es\/wp-json\/wp\/v2\/users\/1"}],"replies":[{"embeddable":true,"href":"https:\/\/botanologio.com\/es\/wp-json\/wp\/v2\/comments?post=2453"}],"version-history":[{"count":4,"href":"https:\/\/botanologio.com\/es\/wp-json\/wp\/v2\/pages\/2453\/revisions"}],"predecessor-version":[{"id":7911,"href":"https:\/\/botanologio.com\/es\/wp-json\/wp\/v2\/pages\/2453\/revisions\/7911"}],"wp:attachment":[{"href":"https:\/\/botanologio.com\/es\/wp-json\/wp\/v2\/media?parent=2453"}],"curies":[{"name":"wp","href":"https:\/\/api.w.org\/{rel}","templated":true}]}}